{"id":116,"date":"2025-07-14T13:55:41","date_gmt":"2025-07-14T13:55:41","guid":{"rendered":"https:\/\/soleilrestaurantpr.com\/?page_id=116"},"modified":"2025-07-16T13:18:09","modified_gmt":"2025-07-16T13:18:09","slug":"contacto","status":"publish","type":"page","link":"https:\/\/soleilrestaurantpr.com\/en\/contacto\/","title":{"rendered":"Contact"},"content":{"rendered":"<div data-elementor-type=\"wp-page\" data-elementor-id=\"116\" class=\"elementor elementor-116\" data-elementor-settings=\"{&quot;ha_cmc_init_switcher&quot;:&quot;no&quot;}\">\n\t\t\t\t<div class=\"elementor-element elementor-element-794fb1b e-flex e-con-boxed wpr-particle-no wpr-jarallax-no wpr-parallax-no wpr-sticky-section-no e-con e-parent\" data-id=\"794fb1b\" data-element_type=\"container\" data-settings=\"{&quot;background_background&quot;:&quot;classic&quot;,&quot;shape_divider_bottom&quot;:&quot;curve&quot;,&quot;shape_divider_bottom_negative&quot;:&quot;yes&quot;,&quot;_ha_eqh_enable&quot;:false}\">\n\t\t\t\t\t<div class=\"e-con-inner\">\n\t\t\t\t<div class=\"elementor-shape elementor-shape-bottom\" aria-hidden=\"true\" data-negative=\"true\">\n\t\t\t<svg xmlns=\"http:\/\/www.w3.org\/2000\/svg\" viewbox=\"0 0 1000 100\" preserveaspectratio=\"none\">\n\t<path class=\"elementor-shape-fill\" d=\"M500,97C126.7,96.3,0.8,19.8,0,0v100l1000,0V1C1000,19.4,873.3,97.8,500,97z\"\/>\n<\/svg>\t\t<\/div>\n\t\t<div class=\"elementor-element elementor-element-9a86106 e-con-full e-flex wpr-particle-no wpr-jarallax-no wpr-parallax-no wpr-sticky-section-no e-con e-child\" data-id=\"9a86106\" data-element_type=\"container\" data-settings=\"{&quot;_ha_eqh_enable&quot;:false}\">\n\t\t\t\t<div class=\"elementor-element elementor-element-7241b83 elementor-widget elementor-widget-qi_addons_for_elementor_animated_text\" data-id=\"7241b83\" data-element_type=\"widget\" data-widget_type=\"qi_addons_for_elementor_animated_text.default\">\n\t\t\t\t<div class=\"elementor-widget-container\">\n\t\t\t\t\t<div class=\"qodef-shortcode qodef-m qodef-qi-animated-text qodef--animated-by-word qodef--alignment-center qodef-qi--has-appear qodef--appear-from-top\" data-appear-delay=\"random\">\n\t\t<h1 class=\"qodef-m-title translation-block\"><span class=\"qodef-e-word\">Ready<\/span> <span class=\"qodef-e-word\">to<\/span> <span class=\"qodef-e-word\">visit<\/span> <span class=\"qodef-e-word\">us?<\/span> <span class=\"qodef-e-word\">Contact<\/span> <span class=\"qodef-e-word\">us!<\/span><\/h1>\n<\/div>\n\t\t\t\t<\/div>\n\t\t\t\t<\/div>\n\t\t\t\t<div class=\"elementor-element elementor-element-ed1cf60 elementor-invisible elementor-widget elementor-widget-heading\" data-id=\"ed1cf60\" data-element_type=\"widget\" data-settings=\"{&quot;_animation&quot;:&quot;fadeInUp&quot;,&quot;_animation_delay&quot;:400}\" data-widget_type=\"heading.default\">\n\t\t\t\t<div class=\"elementor-widget-container\">\n\t\t\t\t\t<h2 class=\"elementor-heading-title elementor-size-default\">Have a question or want to make a reservation? We\u2019re ready to help.\n\n<\/h2>\t\t\t\t<\/div>\n\t\t\t\t<\/div>\n\t\t\t\t<div class=\"elementor-element elementor-element-4ee0600 elementor-shape-circle elementor-grid-0 e-grid-align-center elementor-widget elementor-widget-social-icons\" data-id=\"4ee0600\" data-element_type=\"widget\" data-widget_type=\"social-icons.default\">\n\t\t\t\t<div class=\"elementor-widget-container\">\n\t\t\t\t\t\t\t<div class=\"elementor-social-icons-wrapper elementor-grid\" role=\"list\">\n\t\t\t\t\t\t\t<span class=\"elementor-grid-item\" role=\"listitem\">\n\t\t\t\t\t<a class=\"elementor-icon elementor-social-icon elementor-social-icon-facebook elementor-animation-shrink elementor-repeater-item-f630c9c\" href=\"https:\/\/www.facebook.com\/p\/Soleil-Restaurant-100088306283767\/\" target=\"_blank\">\n\t\t\t\t\t\t<span class=\"elementor-screen-only\">Facebook<\/span>\n\t\t\t\t\t\t<svg class=\"e-font-icon-svg e-fab-facebook\" viewbox=\"0 0 512 512\" xmlns=\"http:\/\/www.w3.org\/2000\/svg\"><path d=\"M504 256C504 119 393 8 256 8S8 119 8 256c0 123.78 90.69 226.38 209.25 245V327.69h-63V256h63v-54.64c0-62.15 37-96.48 93.67-96.48 27.14 0 55.52 4.84 55.52 4.84v61h-31.28c-30.8 0-40.41 19.12-40.41 38.73V256h68.78l-11 71.69h-57.78V501C413.31 482.38 504 379.78 504 256z\"><\/path><\/svg>\t\t\t\t\t<\/a>\n\t\t\t\t<\/span>\n\t\t\t\t\t\t\t<span class=\"elementor-grid-item\" role=\"listitem\">\n\t\t\t\t\t<a class=\"elementor-icon elementor-social-icon elementor-social-icon-instagram elementor-animation-shrink elementor-repeater-item-d4c4322\" href=\"https:\/\/www.instagram.com\/soleilrestaurantpr\/?hl=en\" target=\"_blank\">\n\t\t\t\t\t\t<span class=\"elementor-screen-only\">Instagram<\/span>\n\t\t\t\t\t\t<svg class=\"e-font-icon-svg e-fab-instagram\" viewbox=\"0 0 448 512\" xmlns=\"http:\/\/www.w3.org\/2000\/svg\"><path d=\"M224.1 141c-63.6 0-114.9 51.3-114.9 114.9s51.3 114.9 114.9 114.9S339 319.5 339 255.9 287.7 141 224.1 141zm0 189.6c-41.1 0-74.7-33.5-74.7-74.7s33.5-74.7 74.7-74.7 74.7 33.5 74.7 74.7-33.6 74.7-74.7 74.7zm146.4-194.3c0 14.9-12 26.8-26.8 26.8-14.9 0-26.8-12-26.8-26.8s12-26.8 26.8-26.8 26.8 12 26.8 26.8zm76.1 27.2c-1.7-35.9-9.9-67.7-36.2-93.9-26.2-26.2-58-34.4-93.9-36.2-37-2.1-147.9-2.1-184.9 0-35.8 1.7-67.6 9.9-93.9 36.1s-34.4 58-36.2 93.9c-2.1 37-2.1 147.9 0 184.9 1.7 35.9 9.9 67.7 36.2 93.9s58 34.4 93.9 36.2c37 2.1 147.9 2.1 184.9 0 35.9-1.7 67.7-9.9 93.9-36.2 26.2-26.2 34.4-58 36.2-93.9 2.1-37 2.1-147.8 0-184.8zM398.8 388c-7.8 19.6-22.9 34.7-42.6 42.6-29.5 11.7-99.5 9-132.1 9s-102.7 2.6-132.1-9c-19.6-7.8-34.7-22.9-42.6-42.6-11.7-29.5-9-99.5-9-132.1s-2.6-102.7 9-132.1c7.8-19.6 22.9-34.7 42.6-42.6 29.5-11.7 99.5-9 132.1-9s102.7-2.6 132.1 9c19.6 7.8 34.7 22.9 42.6 42.6 11.7 29.5 9 99.5 9 132.1s2.7 102.7-9 132.1z\"><\/path><\/svg>\t\t\t\t\t<\/a>\n\t\t\t\t<\/span>\n\t\t\t\t\t<\/div>\n\t\t\t\t\t\t<\/div>\n\t\t\t\t<\/div>\n\t\t\t\t<\/div>\n\t\t\t\t\t<\/div>\n\t\t\t\t<\/div>\n\t\t<div class=\"elementor-element elementor-element-a60e69b e-flex e-con-boxed wpr-particle-no wpr-jarallax-no wpr-parallax-no wpr-sticky-section-no e-con e-parent\" data-id=\"a60e69b\" data-element_type=\"container\" data-settings=\"{&quot;_ha_eqh_enable&quot;:false}\">\n\t\t\t\t\t<div class=\"e-con-inner\">\n\t\t<div class=\"elementor-element elementor-element-4797eb1 e-con-full e-flex wpr-particle-no wpr-jarallax-no wpr-parallax-no wpr-sticky-section-no e-con e-child\" data-id=\"4797eb1\" data-element_type=\"container\" data-settings=\"{&quot;background_background&quot;:&quot;classic&quot;,&quot;_ha_eqh_enable&quot;:false}\">\n\t\t\t\t<div class=\"elementor-element elementor-element-fdda0fc elementor-widget elementor-widget-ha-wpform happy-addon ha-wpform\" data-id=\"fdda0fc\" data-element_type=\"widget\" data-widget_type=\"ha-wpform.default\">\n\t\t\t\t<div class=\"elementor-widget-container\">\n\t\t\t\t\t<div class=\"wpforms-container wpforms-container-full wpforms-render-modern\" id=\"wpforms-63\"><form id=\"wpforms-form-63\" class=\"wpforms-validate wpforms-form wpforms-ajax-form\" data-formid=\"63\" method=\"post\" enctype=\"multipart\/form-data\" action=\"\/en\/wp-json\/wp\/v2\/pages\/116\" data-token=\"ebaabbf5fdbab6deb4c80d093214ad41\" data-token-time=\"1776518385\" data-trp-original-action=\"\/en\/wp-json\/wp\/v2\/pages\/116\"><noscript class=\"wpforms-error-noscript\">Please enable JavaScript in your browser to complete this form.<\/noscript><div id=\"wpforms-error-noscript\" style=\"display: none;\">Please enable JavaScript in your browser to complete this form.<\/div><div class=\"wpforms-field-container\">\t\t<div id=\"wpforms-63-field_6-container\"\n\t\t\tclass=\"wpforms-field wpforms-field-text\"\n\t\t\tdata-field-type=\"text\"\n\t\t\tdata-field-id=\"6\"\n\t\t\t>\n\t\t\t<label class=\"wpforms-field-label\" for=\"wpforms-63-field_6\" >comentario Nombre Mensaje<\/label>\n\t\t\t<input type=\"text\" id=\"wpforms-63-field_6\" class=\"wpforms-field-medium\" name=\"wpforms[fields][6]\" >\n\t\t<\/div>\n\t\t<div id=\"wpforms-63-field_1-container\" class=\"wpforms-field wpforms-field-layout\" data-field-id=\"1\"><div class=\"wpforms-field-layout-rows wpforms-field-large\"><div class=\"wpforms-layout-row\"><div class=\"wpforms-layout-column wpforms-layout-column-50\"><div id=\"wpforms-63-field_2-container\" class=\"wpforms-field wpforms-field-name\" data-field-id=\"2\"><label class=\"wpforms-field-label wpforms-label-hide\" for=\"wpforms-63-field_2\" aria-hidden=\"false\">Name <span class=\"wpforms-required-label\" aria-hidden=\"true\">*<\/span><\/label><input type=\"text\" id=\"wpforms-63-field_2\" class=\"wpforms-field-medium wpforms-field-required\" name=\"wpforms[fields][2]\" placeholder=\"Name\" aria-errormessage=\"wpforms-63-field_2-error\" required><\/div><\/div><div class=\"wpforms-layout-column wpforms-layout-column-50\"><div id=\"wpforms-63-field_3-container\" class=\"wpforms-field wpforms-field-phone\" data-field-id=\"3\"><label class=\"wpforms-field-label wpforms-label-hide\" for=\"wpforms-63-field_3\" aria-hidden=\"false\">Phone <span class=\"wpforms-required-label\" aria-hidden=\"true\">*<\/span><\/label><input type=\"tel\" id=\"wpforms-63-field_3\" class=\"wpforms-field-medium wpforms-field-required\" data-rule-int-phone-field=\"true\" name=\"wpforms[fields][3]\" placeholder=\"Phone\" aria-label=\"Phone\" aria-errormessage=\"wpforms-63-field_3-error\" required><\/div><\/div><\/div><\/div><\/div><div id=\"wpforms-63-field_4-container\" class=\"wpforms-field wpforms-field-email\" data-field-id=\"4\"><label class=\"wpforms-field-label wpforms-label-hide\" for=\"wpforms-63-field_4\" aria-hidden=\"false\">Email <span class=\"wpforms-required-label\" aria-hidden=\"true\">*<\/span><\/label><input type=\"email\" id=\"wpforms-63-field_4\" class=\"wpforms-field-large wpforms-field-required\" name=\"wpforms[fields][4]\" placeholder=\"Email\" spellcheck=\"false\" aria-errormessage=\"wpforms-63-field_4-error\" required><\/div><div id=\"wpforms-63-field_5-container\" class=\"wpforms-field wpforms-field-textarea\" data-field-id=\"5\"><label class=\"wpforms-field-label wpforms-label-hide\" for=\"wpforms-63-field_5\" aria-hidden=\"false\">Message or comment <span class=\"wpforms-required-label\" aria-hidden=\"true\">*<\/span><\/label><textarea id=\"wpforms-63-field_5\" class=\"wpforms-field-medium wpforms-field-required\" name=\"wpforms[fields][5]\" placeholder=\"Message or comment\" aria-errormessage=\"wpforms-63-field_5-error\" required><\/textarea><\/div><script>\n\t\t\t\t( function() {\n\t\t\t\t\tconst style = document.createElement( 'style' );\n\t\t\t\t\tstyle.appendChild( document.createTextNode( '#wpforms-63-field_6-container { position: absolute !important; overflow: hidden !important; display: inline !important; height: 1px !important; width: 1px !important; z-index: -1000 !important; padding: 0 !important; } #wpforms-63-field_6-container input { visibility: hidden; } #wpforms-conversational-form-page #wpforms-63-field_6-container label { counter-increment: none; }' ) );\n\t\t\t\t\tdocument.head.appendChild( style );\n\t\t\t\t\tdocument.currentScript?.remove();\n\t\t\t\t} )();\n\t\t\t<\/script><\/div><!-- .wpforms-field-container --><div class=\"wpforms-recaptcha-container wpforms-is-recaptcha wpforms-is-recaptcha-type-v3\" ><input type=\"hidden\" name=\"wpforms[recaptcha]\" value=\"\"><\/div><div class=\"wpforms-submit-container\" ><input type=\"hidden\" name=\"wpforms[id]\" value=\"63\"><input type=\"hidden\" name=\"page_title\" value=\"\"><input type=\"hidden\" name=\"page_url\" value=\"https:\/\/soleilrestaurantpr.com\/en\/wp-json\/wp\/v2\/pages\/116\"><input type=\"hidden\" name=\"url_referer\" value=\"\"><button type=\"submit\" name=\"wpforms[submit]\" id=\"wpforms-submit-63\" class=\"wpforms-submit\" data-alt-text=\"Enviando...\" data-submit-text=\"Enviar\" aria-live=\"assertive\" value=\"wpforms-submit\">Enviar<\/button><img decoding=\"async\" src=\"https:\/\/soleilrestaurantpr.com\/wp-content\/plugins\/wpforms\/assets\/images\/submit-spin.svg\" class=\"wpforms-submit-spinner\" style=\"display: none;\" width=\"26\" height=\"26\" alt=\"Loading\"><\/div><input type=\"hidden\" name=\"trp-form-language\" value=\"en\"\/><\/form><\/div>  <!-- .wpforms-container -->\t\t\t\t<\/div>\n\t\t\t\t<\/div>\n\t\t\t\t<\/div>\n\t\t<div class=\"elementor-element elementor-element-17c68ad e-con-full e-flex wpr-particle-no wpr-jarallax-no wpr-parallax-no wpr-sticky-section-no e-con e-child\" data-id=\"17c68ad\" data-element_type=\"container\" data-settings=\"{&quot;_ha_eqh_enable&quot;:false}\">\n\t\t\t\t<div class=\"elementor-element elementor-element-3bdbca4 elementor-widget elementor-widget-google_maps\" data-id=\"3bdbca4\" data-element_type=\"widget\" data-widget_type=\"google_maps.default\">\n\t\t\t\t<div class=\"elementor-widget-container\">\n\t\t\t\t\t\t\t<div class=\"elementor-custom-embed\">\n\t\t\t<iframe loading=\"lazy\"\n\t\t\t\t\tsrc=\"https:\/\/maps.google.com\/maps?q=Soleil%20Steak%20%26%20Seafood%20Restaurant&#038;t=m&#038;z=17&#038;output=embed&#038;iwloc=near\"\n\t\t\t\t\ttitle=\"Soleil Steak &amp; Seafood Restaurant\"\n\t\t\t\t\taria-label=\"Soleil Steak &amp; Seafood Restaurant\"\n\t\t\t><\/iframe>\n\t\t<\/div>\n\t\t\t\t\t\t<\/div>\n\t\t\t\t<\/div>\n\t\t\t\t<\/div>\n\t\t<div class=\"elementor-element elementor-element-ca8c703 e-con-full e-flex wpr-particle-no wpr-jarallax-no wpr-parallax-no wpr-sticky-section-no e-con e-child\" data-id=\"ca8c703\" data-element_type=\"container\" data-settings=\"{&quot;_ha_eqh_enable&quot;:false}\">\n\t\t\t\t<div class=\"elementor-element elementor-element-92542eb elementor-widget elementor-widget-spacer\" data-id=\"92542eb\" data-element_type=\"widget\" data-widget_type=\"spacer.default\">\n\t\t\t\t<div class=\"elementor-widget-container\">\n\t\t\t\t\t\t\t<div class=\"elementor-spacer\">\n\t\t\t<div class=\"elementor-spacer-inner\"><\/div>\n\t\t<\/div>\n\t\t\t\t\t\t<\/div>\n\t\t\t\t<\/div>\n\t\t\t\t<\/div>\n\t\t\t\t\t<\/div>\n\t\t\t\t<\/div>\n\t\t\t\t<\/div>","protected":false},"excerpt":{"rendered":"<p>\u00bfListo para visitarnos? \u00a1Cont\u00e1ctanos! \u00bfTienes alguna duda o quieres hacer una reservaci\u00f3n? Estamos listos para atenderte. Facebook Instagram Please enable JavaScript in your browser to complete this form.Please enable JavaScript in your browser to complete this form.Nombre *Tel\u00e9fono * Email *Mensaje o comentario * Enviar<\/p>","protected":false},"author":2,"featured_media":42,"parent":0,"menu_order":0,"comment_status":"closed","ping_status":"closed","template":"elementor_header_footer","meta":{"_joinchat":[],"footnotes":""},"class_list":["post-116","page","type-page","status-publish","has-post-thumbnail","hentry"],"yoast_head":"<!-- This site is optimized with the Yoast SEO plugin v25.5 - https:\/\/yoast.com\/wordpress\/plugins\/seo\/ -->\n<title>Cont\u00e1ctanos | Restaurante de comida criolla local<\/title>\n<meta name=\"description\" content=\"Ll\u00e1manos o vis\u00edtanos para disfrutar comida criolla fresca, atenci\u00f3n de calidad y ambiente acogedor. Haz tu reservaci\u00f3n hoy mismo.\" \/>\n<meta name=\"robots\" content=\"index, follow, max-snippet:-1, max-image-preview:large, max-video-preview:-1\" \/>\n<link rel=\"canonical\" href=\"https:\/\/soleilrestaurantpr.com\/en\/contacto\/\" \/>\n<meta property=\"og:locale\" content=\"en_US\" \/>\n<meta property=\"og:type\" content=\"article\" \/>\n<meta property=\"og:title\" content=\"Cont\u00e1ctanos | Restaurante de comida criolla local\" \/>\n<meta property=\"og:description\" content=\"Ll\u00e1manos o vis\u00edtanos para disfrutar comida criolla fresca, atenci\u00f3n de calidad y ambiente acogedor. Haz tu reservaci\u00f3n hoy mismo.\" \/>\n<meta property=\"og:url\" content=\"https:\/\/soleilrestaurantpr.com\/en\/contacto\/\" \/>\n<meta property=\"og:site_name\" content=\"Soleil Steak &amp; Seafood Restaurant\" \/>\n<meta property=\"article:publisher\" content=\"https:\/\/www.facebook.com\/p\/Soleil-Restaurant-100088306283767\/\" \/>\n<meta property=\"article:modified_time\" content=\"2025-07-16T13:18:09+00:00\" \/>\n<meta property=\"og:image\" content=\"https:\/\/soleilrestaurantpr.com\/wp-content\/uploads\/2025\/07\/cropped-Logo-removebg.png\" \/>\n\t<meta property=\"og:image:width\" content=\"479\" \/>\n\t<meta property=\"og:image:height\" content=\"310\" \/>\n\t<meta property=\"og:image:type\" content=\"image\/png\" \/>\n<meta name=\"twitter:card\" content=\"summary_large_image\" \/>\n<meta name=\"twitter:label1\" content=\"Est. reading time\" \/>\n\t<meta name=\"twitter:data1\" content=\"1 minute\" \/>\n<script type=\"application\/ld+json\" class=\"yoast-schema-graph\">{\"@context\":\"https:\/\/schema.org\",\"@graph\":[{\"@type\":\"WebPage\",\"@id\":\"https:\/\/soleilrestaurantpr.com\/contacto\/\",\"url\":\"https:\/\/soleilrestaurantpr.com\/contacto\/\",\"name\":\"Cont\u00e1ctanos | Restaurante de comida criolla local\",\"isPartOf\":{\"@id\":\"https:\/\/soleilrestaurantpr.com\/#website\"},\"primaryImageOfPage\":{\"@id\":\"https:\/\/soleilrestaurantpr.com\/contacto\/#primaryimage\"},\"image\":{\"@id\":\"https:\/\/soleilrestaurantpr.com\/contacto\/#primaryimage\"},\"thumbnailUrl\":\"https:\/\/soleilrestaurantpr.com\/wp-content\/uploads\/2025\/07\/cropped-Logo-removebg.png\",\"datePublished\":\"2025-07-14T13:55:41+00:00\",\"dateModified\":\"2025-07-16T13:18:09+00:00\",\"description\":\"Ll\u00e1manos o vis\u00edtanos para disfrutar comida criolla fresca, atenci\u00f3n de calidad y ambiente acogedor. Haz tu reservaci\u00f3n hoy mismo.\",\"breadcrumb\":{\"@id\":\"https:\/\/soleilrestaurantpr.com\/contacto\/#breadcrumb\"},\"inLanguage\":\"en-US\",\"potentialAction\":[{\"@type\":\"ReadAction\",\"target\":[\"https:\/\/soleilrestaurantpr.com\/contacto\/\"]}]},{\"@type\":\"ImageObject\",\"inLanguage\":\"en-US\",\"@id\":\"https:\/\/soleilrestaurantpr.com\/contacto\/#primaryimage\",\"url\":\"https:\/\/soleilrestaurantpr.com\/wp-content\/uploads\/2025\/07\/cropped-Logo-removebg.png\",\"contentUrl\":\"https:\/\/soleilrestaurantpr.com\/wp-content\/uploads\/2025\/07\/cropped-Logo-removebg.png\",\"width\":479,\"height\":310},{\"@type\":\"BreadcrumbList\",\"@id\":\"https:\/\/soleilrestaurantpr.com\/contacto\/#breadcrumb\",\"itemListElement\":[{\"@type\":\"ListItem\",\"position\":1,\"name\":\"Home\",\"item\":\"https:\/\/soleilrestaurantpr.com\/\"},{\"@type\":\"ListItem\",\"position\":2,\"name\":\"Contacto\"}]},{\"@type\":\"WebSite\",\"@id\":\"https:\/\/soleilrestaurantpr.com\/#website\",\"url\":\"https:\/\/soleilrestaurantpr.com\/\",\"name\":\"Soleil Steak & Seafood Restaurant\",\"description\":\"\u00a1Comida criolla con sabor a Puerto Rico!\",\"publisher\":{\"@id\":\"https:\/\/soleilrestaurantpr.com\/#organization\"},\"potentialAction\":[{\"@type\":\"SearchAction\",\"target\":{\"@type\":\"EntryPoint\",\"urlTemplate\":\"https:\/\/soleilrestaurantpr.com\/?s={search_term_string}\"},\"query-input\":{\"@type\":\"PropertyValueSpecification\",\"valueRequired\":true,\"valueName\":\"search_term_string\"}}],\"inLanguage\":\"en-US\"},{\"@type\":\"Organization\",\"@id\":\"https:\/\/soleilrestaurantpr.com\/#organization\",\"name\":\"Soleil Steak & Seafood Restaurant\",\"alternateName\":\"Soleil Steak & Seafood Restaurant\",\"url\":\"https:\/\/soleilrestaurantpr.com\/\",\"logo\":{\"@type\":\"ImageObject\",\"inLanguage\":\"en-US\",\"@id\":\"https:\/\/soleilrestaurantpr.com\/#\/schema\/logo\/image\/\",\"url\":\"https:\/\/soleilrestaurantpr.com\/wp-content\/uploads\/2025\/07\/cropped-Logo-removebg.png\",\"contentUrl\":\"https:\/\/soleilrestaurantpr.com\/wp-content\/uploads\/2025\/07\/cropped-Logo-removebg.png\",\"width\":479,\"height\":310,\"caption\":\"Soleil Steak & Seafood Restaurant\"},\"image\":{\"@id\":\"https:\/\/soleilrestaurantpr.com\/#\/schema\/logo\/image\/\"},\"sameAs\":[\"https:\/\/www.facebook.com\/p\/Soleil-Restaurant-100088306283767\/\"]}]}<\/script>\n<!-- \/ Yoast SEO plugin. -->","yoast_head_json":{"title":"Cont\u00e1ctanos | Restaurante de comida criolla local","description":"Ll\u00e1manos o vis\u00edtanos para disfrutar comida criolla fresca, atenci\u00f3n de calidad y ambiente acogedor. Haz tu reservaci\u00f3n hoy mismo.","robots":{"index":"index","follow":"follow","max-snippet":"max-snippet:-1","max-image-preview":"max-image-preview:large","max-video-preview":"max-video-preview:-1"},"canonical":"https:\/\/soleilrestaurantpr.com\/en\/contacto\/","og_locale":"en_US","og_type":"article","og_title":"Cont\u00e1ctanos | Restaurante de comida criolla local","og_description":"Ll\u00e1manos o vis\u00edtanos para disfrutar comida criolla fresca, atenci\u00f3n de calidad y ambiente acogedor. Haz tu reservaci\u00f3n hoy mismo.","og_url":"https:\/\/soleilrestaurantpr.com\/en\/contacto\/","og_site_name":"Soleil Steak &amp; Seafood Restaurant","article_publisher":"https:\/\/www.facebook.com\/p\/Soleil-Restaurant-100088306283767\/","article_modified_time":"2025-07-16T13:18:09+00:00","og_image":[{"width":479,"height":310,"url":"https:\/\/soleilrestaurantpr.com\/wp-content\/uploads\/2025\/07\/cropped-Logo-removebg.png","type":"image\/png"}],"twitter_card":"summary_large_image","twitter_misc":{"Est. reading time":"1 minute"},"schema":{"@context":"https:\/\/schema.org","@graph":[{"@type":"WebPage","@id":"https:\/\/soleilrestaurantpr.com\/contacto\/","url":"https:\/\/soleilrestaurantpr.com\/contacto\/","name":"Cont\u00e1ctanos | Restaurante de comida criolla local","isPartOf":{"@id":"https:\/\/soleilrestaurantpr.com\/#website"},"primaryImageOfPage":{"@id":"https:\/\/soleilrestaurantpr.com\/contacto\/#primaryimage"},"image":{"@id":"https:\/\/soleilrestaurantpr.com\/contacto\/#primaryimage"},"thumbnailUrl":"https:\/\/soleilrestaurantpr.com\/wp-content\/uploads\/2025\/07\/cropped-Logo-removebg.png","datePublished":"2025-07-14T13:55:41+00:00","dateModified":"2025-07-16T13:18:09+00:00","description":"Ll\u00e1manos o vis\u00edtanos para disfrutar comida criolla fresca, atenci\u00f3n de calidad y ambiente acogedor. Haz tu reservaci\u00f3n hoy mismo.","breadcrumb":{"@id":"https:\/\/soleilrestaurantpr.com\/contacto\/#breadcrumb"},"inLanguage":"en-US","potentialAction":[{"@type":"ReadAction","target":["https:\/\/soleilrestaurantpr.com\/contacto\/"]}]},{"@type":"ImageObject","inLanguage":"en-US","@id":"https:\/\/soleilrestaurantpr.com\/contacto\/#primaryimage","url":"https:\/\/soleilrestaurantpr.com\/wp-content\/uploads\/2025\/07\/cropped-Logo-removebg.png","contentUrl":"https:\/\/soleilrestaurantpr.com\/wp-content\/uploads\/2025\/07\/cropped-Logo-removebg.png","width":479,"height":310},{"@type":"BreadcrumbList","@id":"https:\/\/soleilrestaurantpr.com\/contacto\/#breadcrumb","itemListElement":[{"@type":"ListItem","position":1,"name":"Home","item":"https:\/\/soleilrestaurantpr.com\/"},{"@type":"ListItem","position":2,"name":"Contacto"}]},{"@type":"WebSite","@id":"https:\/\/soleilrestaurantpr.com\/#website","url":"https:\/\/soleilrestaurantpr.com\/","name":"Soleil Steak & Seafood Restaurant","description":"\u00a1Comida criolla con sabor a Puerto Rico!","publisher":{"@id":"https:\/\/soleilrestaurantpr.com\/#organization"},"potentialAction":[{"@type":"SearchAction","target":{"@type":"EntryPoint","urlTemplate":"https:\/\/soleilrestaurantpr.com\/?s={search_term_string}"},"query-input":{"@type":"PropertyValueSpecification","valueRequired":true,"valueName":"search_term_string"}}],"inLanguage":"en-US"},{"@type":"Organization","@id":"https:\/\/soleilrestaurantpr.com\/#organization","name":"Soleil Steak & Seafood Restaurant","alternateName":"Soleil Steak & Seafood Restaurant","url":"https:\/\/soleilrestaurantpr.com\/","logo":{"@type":"ImageObject","inLanguage":"en-US","@id":"https:\/\/soleilrestaurantpr.com\/#\/schema\/logo\/image\/","url":"https:\/\/soleilrestaurantpr.com\/wp-content\/uploads\/2025\/07\/cropped-Logo-removebg.png","contentUrl":"https:\/\/soleilrestaurantpr.com\/wp-content\/uploads\/2025\/07\/cropped-Logo-removebg.png","width":479,"height":310,"caption":"Soleil Steak & Seafood Restaurant"},"image":{"@id":"https:\/\/soleilrestaurantpr.com\/#\/schema\/logo\/image\/"},"sameAs":["https:\/\/www.facebook.com\/p\/Soleil-Restaurant-100088306283767\/"]}]}},"_links":{"self":[{"href":"https:\/\/soleilrestaurantpr.com\/en\/wp-json\/wp\/v2\/pages\/116","targetHints":{"allow":["GET"]}}],"collection":[{"href":"https:\/\/soleilrestaurantpr.com\/en\/wp-json\/wp\/v2\/pages"}],"about":[{"href":"https:\/\/soleilrestaurantpr.com\/en\/wp-json\/wp\/v2\/types\/page"}],"author":[{"embeddable":true,"href":"https:\/\/soleilrestaurantpr.com\/en\/wp-json\/wp\/v2\/users\/2"}],"replies":[{"embeddable":true,"href":"https:\/\/soleilrestaurantpr.com\/en\/wp-json\/wp\/v2\/comments?post=116"}],"version-history":[{"count":0,"href":"https:\/\/soleilrestaurantpr.com\/en\/wp-json\/wp\/v2\/pages\/116\/revisions"}],"wp:featuredmedia":[{"embeddable":true,"href":"https:\/\/soleilrestaurantpr.com\/en\/wp-json\/wp\/v2\/media\/42"}],"wp:attachment":[{"href":"https:\/\/soleilrestaurantpr.com\/en\/wp-json\/wp\/v2\/media?parent=116"}],"curies":[{"name":"wp","href":"https:\/\/api.w.org\/{rel}","templated":true}]}}